{"id":76,"date":"2025-10-18T17:37:21","date_gmt":"2025-10-18T17:37:21","guid":{"rendered":"https:\/\/kpavli.mojweb.com.hr\/?page_id=76"},"modified":"2025-11-03T00:23:38","modified_gmt":"2025-11-03T00:23:38","slug":"home","status":"publish","type":"page","link":"https:\/\/kpavli.mojweb.com.hr\/","title":{"rendered":""},"content":{"rendered":"\t\t<div data-elementor-type=\"wp-page\" data-elementor-id=\"76\" class=\"elementor elementor-76\">\n\t\t\t\t<div class=\"elementor-element elementor-element-696eed5 e-flex e-con-boxed e-con e-parent\" data-id=\"696eed5\" data-element_type=\"container\">\n\t\t\t\t\t<div class=\"e-con-inner\">\n\t\t\t\t<div class=\"elementor-element elementor-element-e06f488 elementor-button-warning elementor-widget elementor-widget-button\" data-id=\"e06f488\" data-element_type=\"widget\" data-widget_type=\"button.default\">\n\t\t\t\t\t\t\t\t\t\t<a class=\"elementor-button elementor-button-link elementor-size-sm\" href=\"#\">\n\t\t\t\t\t\t<span class=\"elementor-button-content-wrapper\">\n\t\t\t\t\t\t\t\t\t<span class=\"elementor-button-text\">Zatra\u017ei ponudu <\/span>\n\t\t\t\t\t<\/span>\n\t\t\t\t\t<\/a>\n\t\t\t\t\t\t\t\t<\/div>\n\t\t\t\t\t<\/div>\n\t\t\t\t<\/div>\n\t\t<div class=\"elementor-element elementor-element-4ce0e2e6 e-con-full e-flex e-con e-parent\" data-id=\"4ce0e2e6\" data-element_type=\"container\">\n\t\t\t\t<div class=\"elementor-element elementor-element-41962dd9 elementor-widget__width-initial elementor-widget-tablet__width-initial elementor-widget elementor-widget-text-editor\" data-id=\"41962dd9\" data-element_type=\"widget\" data-widget_type=\"text-editor.default\">\n\t\t\t\t\t\t\t\t\t<p>Thermo podno grijanje najbolji je izbor za profesionalno podno grijanje po mjeri. Kontaktirajte nas jo\u0161 danas za besplatnu ponudu bez ikakvih obveza. Na\u0161i stru\u010dni instalateri osigurat \u0107e da Va\u0161e podno grijanje bude instalirano po visokim standardima\u00a0<\/p>\t\t\t\t\t\t\t\t<\/div>\n\t\t\t\t<\/div>\n\t\t<div class=\"elementor-element elementor-element-25a32357 e-con-full e-flex e-con e-parent\" data-id=\"25a32357\" data-element_type=\"container\" data-settings=\"{&quot;background_background&quot;:&quot;classic&quot;}\">\n\t\t<div class=\"elementor-element elementor-element-5a4fe96a e-con-full e-flex e-con e-child\" data-id=\"5a4fe96a\" data-element_type=\"container\">\n\t\t\t\t<div class=\"elementor-element elementor-element-3805a4b8 elementor-widget elementor-widget-heading\" data-id=\"3805a4b8\" data-element_type=\"widget\" data-widget_type=\"heading.default\">\n\t\t\t\t\t<h2 class=\"elementor-heading-title elementor-size-default\">Grijanje 1<\/h2>\t\t\t\t<\/div>\n\t\t\t\t<div class=\"elementor-element elementor-element-44088d16 elementor-widget elementor-widget-text-editor\" data-id=\"44088d16\" data-element_type=\"widget\" data-widget_type=\"text-editor.default\">\n\t\t\t\t\t\t\t\t\t<p>&#8230;.<\/p>\t\t\t\t\t\t\t\t<\/div>\n\t\t\t\t<\/div>\n\t\t<div class=\"elementor-element elementor-element-5722c27d e-con-full e-flex e-con e-child\" data-id=\"5722c27d\" data-element_type=\"container\">\n\t\t\t\t<div class=\"elementor-element elementor-element-7506b2fa elementor-widget elementor-widget-image\" data-id=\"7506b2fa\" data-element_type=\"widget\" data-widget_type=\"image.default\">\n\t\t\t\t\t\t\t\t\t\t\t\t\t\t\t<img fetchpriority=\"high\" decoding=\"async\" width=\"525\" height=\"265\" src=\"https:\/\/kpavli.mojweb.com.hr\/wp-content\/uploads\/2025\/11\/Image-Contact-1.jpg\" class=\"attachment-large size-large wp-image-239\" alt=\"\" srcset=\"https:\/\/kpavli.mojweb.com.hr\/wp-content\/uploads\/2025\/11\/Image-Contact-1.jpg 853w, https:\/\/kpavli.mojweb.com.hr\/wp-content\/uploads\/2025\/11\/Image-Contact-1-300x151.jpg 300w, https:\/\/kpavli.mojweb.com.hr\/wp-content\/uploads\/2025\/11\/Image-Contact-1-768x387.jpg 768w\" sizes=\"100vw\" \/>\t\t\t\t\t\t\t\t\t\t\t\t\t\t\t<\/div>\n\t\t\t\t<\/div>\n\t\t\t\t<\/div>\n\t\t<div class=\"elementor-element elementor-element-78812221 e-con-full e-flex e-con e-parent\" data-id=\"78812221\" data-element_type=\"container\" data-settings=\"{&quot;background_background&quot;:&quot;classic&quot;}\">\n\t\t<div class=\"elementor-element elementor-element-6b5bdaa5 e-con-full e-flex e-con e-child\" data-id=\"6b5bdaa5\" data-element_type=\"container\">\n\t\t\t\t<div class=\"elementor-element elementor-element-3e942a9 elementor-widget elementor-widget-heading\" data-id=\"3e942a9\" data-element_type=\"widget\" data-widget_type=\"heading.default\">\n\t\t\t\t\t<h2 class=\"elementor-heading-title elementor-size-default\">Service 2<\/h2>\t\t\t\t<\/div>\n\t\t\t\t<div class=\"elementor-element elementor-element-3a750408 elementor-widget elementor-widget-text-editor\" data-id=\"3a750408\" data-element_type=\"widget\" data-widget_type=\"text-editor.default\">\n\t\t\t\t\t\t\t\t\t<p>A short paragraph describing exactly what this service offers and how it helps clients. This is your chance to convince the visitor that your business is the right choice for them.<\/p>\t\t\t\t\t\t\t\t<\/div>\n\t\t\t\t<\/div>\n\t\t<div class=\"elementor-element elementor-element-5cdd5dfa e-con-full e-flex e-con e-child\" data-id=\"5cdd5dfa\" data-element_type=\"container\">\n\t\t\t\t<div class=\"elementor-element elementor-element-445b67ff elementor-widget elementor-widget-image\" data-id=\"445b67ff\" data-element_type=\"widget\" data-widget_type=\"image.default\">\n\t\t\t\t\t\t\t\t\t\t\t\t\t\t\t<img fetchpriority=\"high\" decoding=\"async\" width=\"525\" height=\"265\" src=\"https:\/\/kpavli.mojweb.com.hr\/wp-content\/uploads\/2025\/11\/Image-Contact-1.jpg\" class=\"attachment-large size-large wp-image-239\" alt=\"\" srcset=\"https:\/\/kpavli.mojweb.com.hr\/wp-content\/uploads\/2025\/11\/Image-Contact-1.jpg 853w, https:\/\/kpavli.mojweb.com.hr\/wp-content\/uploads\/2025\/11\/Image-Contact-1-300x151.jpg 300w, https:\/\/kpavli.mojweb.com.hr\/wp-content\/uploads\/2025\/11\/Image-Contact-1-768x387.jpg 768w\" sizes=\"100vw\" \/>\t\t\t\t\t\t\t\t\t\t\t\t\t\t\t<\/div>\n\t\t\t\t<\/div>\n\t\t\t\t<\/div>\n\t\t<div class=\"elementor-element elementor-element-6d0bbe26 e-con-full e-flex e-con e-parent\" data-id=\"6d0bbe26\" data-element_type=\"container\">\n\t\t\t\t<div class=\"elementor-element elementor-element-229ac3e7 elementor-widget elementor-widget-heading\" data-id=\"229ac3e7\" data-element_type=\"widget\" data-widget_type=\"heading.default\">\n\t\t\t\t\t<h3 class=\"elementor-heading-title elementor-size-default\">FAQ<\/h3>\t\t\t\t<\/div>\n\t\t<div class=\"elementor-element elementor-element-7bd12e66 e-con-full e-flex e-con e-child\" data-id=\"7bd12e66\" data-element_type=\"container\">\n\t\t\t\t<div class=\"elementor-element elementor-element-55cc9884 elementor-widget__width-inherit elementor-widget elementor-widget-toggle\" data-id=\"55cc9884\" data-element_type=\"widget\" data-widget_type=\"toggle.default\">\n\t\t\t\t\t\t\t<div class=\"elementor-toggle\">\n\t\t\t\t\t\t\t<div class=\"elementor-toggle-item\">\n\t\t\t\t\t<h4 id=\"elementor-tab-title-1431\" class=\"elementor-tab-title\" data-tab=\"1\" role=\"button\" aria-controls=\"elementor-tab-content-1431\" aria-expanded=\"false\">\n\t\t\t\t\t\t\t\t\t\t\t\t<a class=\"elementor-toggle-title\" tabindex=\"0\">A frequently asked question surrounding your service<\/a>\n\t\t\t\t\t<\/h4>\n\n\t\t\t\t\t<div id=\"elementor-tab-content-1431\" class=\"elementor-tab-content elementor-clearfix\" data-tab=\"1\" role=\"region\" aria-labelledby=\"elementor-tab-title-1431\">A detailed answer to provide information about your business, build trust with potential clients, and help convince the visitor that you are a good fit for them.<\/div>\n\t\t\t\t<\/div>\n\t\t\t\t\t\t\t<div class=\"elementor-toggle-item\">\n\t\t\t\t\t<h4 id=\"elementor-tab-title-1432\" class=\"elementor-tab-title\" data-tab=\"2\" role=\"button\" aria-controls=\"elementor-tab-content-1432\" aria-expanded=\"false\">\n\t\t\t\t\t\t\t\t\t\t\t\t<a class=\"elementor-toggle-title\" tabindex=\"0\">A frequently asked question surrounding your service<\/a>\n\t\t\t\t\t<\/h4>\n\n\t\t\t\t\t<div id=\"elementor-tab-content-1432\" class=\"elementor-tab-content elementor-clearfix\" data-tab=\"2\" role=\"region\" aria-labelledby=\"elementor-tab-title-1432\">A detailed answer to provide information about your business, build trust with potential clients, and help convince the visitor that you are a good fit for them.<\/div>\n\t\t\t\t<\/div>\n\t\t\t\t\t\t\t<div class=\"elementor-toggle-item\">\n\t\t\t\t\t<h4 id=\"elementor-tab-title-1433\" class=\"elementor-tab-title\" data-tab=\"3\" role=\"button\" aria-controls=\"elementor-tab-content-1433\" aria-expanded=\"false\">\n\t\t\t\t\t\t\t\t\t\t\t\t<a class=\"elementor-toggle-title\" tabindex=\"0\">A frequently asked question surrounding your service<\/a>\n\t\t\t\t\t<\/h4>\n\n\t\t\t\t\t<div id=\"elementor-tab-content-1433\" class=\"elementor-tab-content elementor-clearfix\" data-tab=\"3\" role=\"region\" aria-labelledby=\"elementor-tab-title-1433\">A detailed answer to provide information about your business, build trust with potential clients, and help convince the visitor that you are a good fit for them.<\/div>\n\t\t\t\t<\/div>\n\t\t\t\t\t\t\t<div class=\"elementor-toggle-item\">\n\t\t\t\t\t<h4 id=\"elementor-tab-title-1434\" class=\"elementor-tab-title\" data-tab=\"4\" role=\"button\" aria-controls=\"elementor-tab-content-1434\" aria-expanded=\"false\">\n\t\t\t\t\t\t\t\t\t\t\t\t<a class=\"elementor-toggle-title\" tabindex=\"0\">A frequently asked question surrounding your service<\/a>\n\t\t\t\t\t<\/h4>\n\n\t\t\t\t\t<div id=\"elementor-tab-content-1434\" class=\"elementor-tab-content elementor-clearfix\" data-tab=\"4\" role=\"region\" aria-labelledby=\"elementor-tab-title-1434\">A detailed answer to provide information about your business, build trust with potential clients, and help convince the visitor that you are a good fit for them.<\/div>\n\t\t\t\t<\/div>\n\t\t\t\t\t\t\t\t<\/div>\n\t\t\t\t\t\t<\/div>\n\t\t\t\t<div class=\"elementor-element elementor-element-1207fec3 elementor-widget__width-inherit elementor-widget elementor-widget-toggle\" data-id=\"1207fec3\" data-element_type=\"widget\" data-widget_type=\"toggle.default\">\n\t\t\t\t\t\t\t<div class=\"elementor-toggle\">\n\t\t\t\t\t\t\t<div class=\"elementor-toggle-item\">\n\t\t\t\t\t<h4 id=\"elementor-tab-title-3021\" class=\"elementor-tab-title\" data-tab=\"1\" role=\"button\" aria-controls=\"elementor-tab-content-3021\" aria-expanded=\"false\">\n\t\t\t\t\t\t\t\t\t\t\t\t<a class=\"elementor-toggle-title\" tabindex=\"0\">A frequently asked question surrounding your service<\/a>\n\t\t\t\t\t<\/h4>\n\n\t\t\t\t\t<div id=\"elementor-tab-content-3021\" class=\"elementor-tab-content elementor-clearfix\" data-tab=\"1\" role=\"region\" aria-labelledby=\"elementor-tab-title-3021\">A detailed answer to provide information about your business, build trust with potential clients, and help convince the visitor that you are a good fit for them.<\/div>\n\t\t\t\t<\/div>\n\t\t\t\t\t\t\t<div class=\"elementor-toggle-item\">\n\t\t\t\t\t<h4 id=\"elementor-tab-title-3022\" class=\"elementor-tab-title\" data-tab=\"2\" role=\"button\" aria-controls=\"elementor-tab-content-3022\" aria-expanded=\"false\">\n\t\t\t\t\t\t\t\t\t\t\t\t<a class=\"elementor-toggle-title\" tabindex=\"0\">A frequently asked question surrounding your service<\/a>\n\t\t\t\t\t<\/h4>\n\n\t\t\t\t\t<div id=\"elementor-tab-content-3022\" class=\"elementor-tab-content elementor-clearfix\" data-tab=\"2\" role=\"region\" aria-labelledby=\"elementor-tab-title-3022\">A detailed answer to provide information about your business, build trust with potential clients, and help convince the visitor that you are a good fit for them.<\/div>\n\t\t\t\t<\/div>\n\t\t\t\t\t\t\t<div class=\"elementor-toggle-item\">\n\t\t\t\t\t<h4 id=\"elementor-tab-title-3023\" class=\"elementor-tab-title\" data-tab=\"3\" role=\"button\" aria-controls=\"elementor-tab-content-3023\" aria-expanded=\"false\">\n\t\t\t\t\t\t\t\t\t\t\t\t<a class=\"elementor-toggle-title\" tabindex=\"0\">A frequently asked question surrounding your service<\/a>\n\t\t\t\t\t<\/h4>\n\n\t\t\t\t\t<div id=\"elementor-tab-content-3023\" class=\"elementor-tab-content elementor-clearfix\" data-tab=\"3\" role=\"region\" aria-labelledby=\"elementor-tab-title-3023\">A detailed answer to provide information about your business, build trust with potential clients, and help convince the visitor that you are a good fit for them.<\/div>\n\t\t\t\t<\/div>\n\t\t\t\t\t\t\t<div class=\"elementor-toggle-item\">\n\t\t\t\t\t<h4 id=\"elementor-tab-title-3024\" class=\"elementor-tab-title\" data-tab=\"4\" role=\"button\" aria-controls=\"elementor-tab-content-3024\" aria-expanded=\"false\">\n\t\t\t\t\t\t\t\t\t\t\t\t<a class=\"elementor-toggle-title\" tabindex=\"0\">A frequently asked question surrounding your service<\/a>\n\t\t\t\t\t<\/h4>\n\n\t\t\t\t\t<div id=\"elementor-tab-content-3024\" class=\"elementor-tab-content elementor-clearfix\" data-tab=\"4\" role=\"region\" aria-labelledby=\"elementor-tab-title-3024\">A detailed answer to provide information about your business, build trust with potential clients, and help convince the visitor that you are a good fit for them.<\/div>\n\t\t\t\t<\/div>\n\t\t\t\t\t\t\t\t<\/div>\n\t\t\t\t\t\t<\/div>\n\t\t\t\t<\/div>\n\t\t\t\t<\/div>\n\t\t\t\t<\/div>\n\t\t","protected":false},"excerpt":{"rendered":"<p>Zatra\u017ei ponudu Thermo podno grijanje najbolji je izbor za profesionalno podno grijanje po mjeri. Kontaktirajte nas jo\u0161 danas za besplatnu ponudu bez ikakvih obveza. Na\u0161i stru\u010dni instalateri osigurat \u0107e da Va\u0161e podno grijanje bude instalirano po visokim standardima\u00a0 Grijanje 1 &#8230;. Service 2 A short paragraph describing exactly what this service offers and how it &hellip; <\/p>\n<p class=\"link-more\"><a href=\"https:\/\/kpavli.mojweb.com.hr\/\" class=\"more-link\">Continue reading<span class=\"screen-reader-text\"> &#8220;&#8221;<\/span><\/a><\/p>\n","protected":false},"author":1,"featured_media":113,"parent":0,"menu_order":0,"comment_status":"closed","ping_status":"closed","template":"elementor_header_footer","meta":{"footnotes":""},"class_list":["post-76","page","type-page","status-publish","has-post-thumbnail","hentry"],"_links":{"self":[{"href":"https:\/\/kpavli.mojweb.com.hr\/index.php\/wp-json\/wp\/v2\/pages\/76","targetHints":{"allow":["GET"]}}],"collection":[{"href":"https:\/\/kpavli.mojweb.com.hr\/index.php\/wp-json\/wp\/v2\/pages"}],"about":[{"href":"https:\/\/kpavli.mojweb.com.hr\/index.php\/wp-json\/wp\/v2\/types\/page"}],"author":[{"embeddable":true,"href":"https:\/\/kpavli.mojweb.com.hr\/index.php\/wp-json\/wp\/v2\/users\/1"}],"replies":[{"embeddable":true,"href":"https:\/\/kpavli.mojweb.com.hr\/index.php\/wp-json\/wp\/v2\/comments?post=76"}],"version-history":[{"count":29,"href":"https:\/\/kpavli.mojweb.com.hr\/index.php\/wp-json\/wp\/v2\/pages\/76\/revisions"}],"predecessor-version":[{"id":266,"href":"https:\/\/kpavli.mojweb.com.hr\/index.php\/wp-json\/wp\/v2\/pages\/76\/revisions\/266"}],"wp:featuredmedia":[{"embeddable":true,"href":"https:\/\/kpavli.mojweb.com.hr\/index.php\/wp-json\/wp\/v2\/media\/113"}],"wp:attachment":[{"href":"https:\/\/kpavli.mojweb.com.hr\/index.php\/wp-json\/wp\/v2\/media?parent=76"}],"curies":[{"name":"wp","href":"https:\/\/api.w.org\/{rel}","templated":true}]}}